{"id":35,"date":"2013-08-28T01:12:31","date_gmt":"2013-08-27T23:12:31","guid":{"rendered":"http:\/\/kulturwerk-vorpommern.de\/?page_id=35"},"modified":"2025-06-19T10:19:41","modified_gmt":"2025-06-19T08:19:41","slug":"spartenangebote","status":"publish","type":"page","link":"https:\/\/kulturwerk-vorpommern.de\/?page_id=35","title":{"rendered":"Spartenangebote"},"content":{"rendered":"<p><b>Kurs Malerei<br \/>Kursleiter: Dirk Eschrich<br \/><\/b><\/p>\n<ul>\n<li>Zeichnen mit Bleistift, Kohle und Pastellkreide<\/li>\n<li>Malen mit Pinsel und Farben in Aquarell- und Acrylmalerei<\/li>\n<li>Malen und Zeichnen von Landschaften, Blumen, Portr\u00e4t, Tieren <\/li>\n<li>Kalligraphie (verschiedene Schriftarten mit Feder und Tusche)<\/li>\n<\/ul>\n<p><b>Textiles<br \/><\/b><\/p>\n<p>Das Filzen als traditionelle Handwerkskunst bildet die Grundlage f\u00fcr viele kreative Ideen bei klein und Gro\u00df. Angefangen bei Kugeln und Klapperb\u00e4llen bis hin zu Dekorativem und modischen Accessoirs bietet dieser Bereich viele M\u00f6glichkeiten auch thematisch zu arbeiten.<\/p>\n<p>Bekannte Handarbeitstechniken werden unter fachkundiger moderner Sicht wieder auf. Angefangen bei eigenen Entw\u00fcrfen bis hin zur manuellen Umsetzung werden die Kinder, Jugendlichen und Erwachsenen bei der Gestaltung genauso individueller St\u00fccke begleitet.<\/p>\n<p><b>T\u00f6pfern<br \/>Kursleiter: Cordula Ullmann<\/b><\/p>\n<p>Vermittlung handwerklicher Grundf\u00e4higkeiten in unterschiedlichen Fertigungstechniken (Wulst-, Platten- und Daumentechnik). Herstellung und Gestaltung anfangs einfacher kleiner, sp\u00e4ter eventuell auch gr\u00f6\u00dferer Keramiken. Speziell in Schulklassen projektorientierte Arbeit zu praktischen Anwendung des theoretisch Gelernten. Es besteht auch die M\u00f6glichkeit sich an den T\u00f6pferscheiben auszuprobieren.<\/p>\n\n\n<p><\/p>\n","protected":false},"excerpt":{"rendered":"<p>Kurs MalereiKursleiter: Dirk Eschrich Zeichnen mit Bleistift, Kohle und Pastellkreide Malen mit Pinsel und Farben in Aquarell- und Acrylmalerei Malen und Zeichnen von Landschaften, Blumen, Portr\u00e4t, Tieren Kalligraphie (verschiedene Schriftarten mit Feder und Tusche) Textiles&#8230;<\/p>\n","protected":false},"author":1,"featured_media":1286,"parent":15,"menu_order":0,"comment_status":"closed","ping_status":"closed","template":"","meta":{"footnotes":""},"class_list":["post-35","page","type-page","status-publish","has-post-thumbnail","hentry"],"_links":{"self":[{"href":"https:\/\/kulturwerk-vorpommern.de\/index.php?rest_route=\/wp\/v2\/pages\/35","targetHints":{"allow":["GET"]}}],"collection":[{"href":"https:\/\/kulturwerk-vorpommern.de\/index.php?rest_route=\/wp\/v2\/pages"}],"about":[{"href":"https:\/\/kulturwerk-vorpommern.de\/index.php?rest_route=\/wp\/v2\/types\/page"}],"author":[{"embeddable":true,"href":"https:\/\/kulturwerk-vorpommern.de\/index.php?rest_route=\/wp\/v2\/users\/1"}],"replies":[{"embeddable":true,"href":"https:\/\/kulturwerk-vorpommern.de\/index.php?rest_route=%2Fwp%2Fv2%2Fcomments&post=35"}],"version-history":[{"count":9,"href":"https:\/\/kulturwerk-vorpommern.de\/index.php?rest_route=\/wp\/v2\/pages\/35\/revisions"}],"predecessor-version":[{"id":2032,"href":"https:\/\/kulturwerk-vorpommern.de\/index.php?rest_route=\/wp\/v2\/pages\/35\/revisions\/2032"}],"up":[{"embeddable":true,"href":"https:\/\/kulturwerk-vorpommern.de\/index.php?rest_route=\/wp\/v2\/pages\/15"}],"wp:featuredmedia":[{"embeddable":true,"href":"https:\/\/kulturwerk-vorpommern.de\/index.php?rest_route=\/wp\/v2\/media\/1286"}],"wp:attachment":[{"href":"https:\/\/kulturwerk-vorpommern.de\/index.php?rest_route=%2Fwp%2Fv2%2Fmedia&parent=35"}],"curies":[{"name":"wp","href":"https:\/\/api.w.org\/{rel}","templated":true}]}}