{"id":59,"date":"2013-08-28T10:12:54","date_gmt":"2013-08-28T08:12:54","guid":{"rendered":"http:\/\/kulturwerk-vorpommern.de\/?page_id=59"},"modified":"2018-07-02T08:51:36","modified_gmt":"2018-07-02T06:51:36","slug":"tanztee","status":"publish","type":"page","link":"http:\/\/kulturwerk-vorpommern.de\/?page_id=59","title":{"rendered":"Tanztee"},"content":{"rendered":"<p>Unser ganz eigener Tanzclub.<\/p>\n<p>Jeweils an einem Sonntag Nachmittag im Monat kommen meist junggebliebene Freunde des Tanztees in die KulturWerkstatt, um nach einem gem\u00fctlichen Kaffeetrinken die Tanzfl\u00e4che zu erobern. Bei vielen ist dieses Treffen zu einem wichtigen Ritual geworden. Die Veranstalter lassen sich st\u00e4ndig etwas neues einfallen, was das jeweilige Thema und die dazu passende Dekoration anbelangt. Was jedoch immer das Gleiche ist, ist die fantastische Stimmung und der gro\u00dfe Wohlf\u00fchlfaktor, nicht zuletzt aufgrund der musikalischen Begleitung durch DJ Daniel (f\u00f6rderndes Mitglied im Verein).<\/p>\n<p>Aufgrund der zahlreichen Besucher bitten wir Sie, sich vor der Veranstaltung <a title=\"Kontakt und Impressum\" href=\"http:\/\/kulturwerk-vorpommern.de\/?page_id=12\">telefonisch oder elektronisch<\/a> anzumelden.<\/p>\n","protected":false},"excerpt":{"rendered":"<p>Unser ganz eigener Tanzclub. Jeweils an einem Sonntag Nachmittag im Monat kommen meist junggebliebene Freunde des Tanztees in die KulturWerkstatt, um nach einem gem\u00fctlichen Kaffeetrinken die Tanzfl\u00e4che zu erobern. Bei vielen ist dieses Treffen zu&#8230;<\/p>\n","protected":false},"author":1,"featured_media":0,"parent":17,"menu_order":0,"comment_status":"closed","ping_status":"closed","template":"","meta":{"footnotes":""},"class_list":["post-59","page","type-page","status-publish","hentry"],"_links":{"self":[{"href":"http:\/\/kulturwerk-vorpommern.de\/index.php?rest_route=\/wp\/v2\/pages\/59","targetHints":{"allow":["GET"]}}],"collection":[{"href":"http:\/\/kulturwerk-vorpommern.de\/index.php?rest_route=\/wp\/v2\/pages"}],"about":[{"href":"http:\/\/kulturwerk-vorpommern.de\/index.php?rest_route=\/wp\/v2\/types\/page"}],"author":[{"embeddable":true,"href":"http:\/\/kulturwerk-vorpommern.de\/index.php?rest_route=\/wp\/v2\/users\/1"}],"replies":[{"embeddable":true,"href":"http:\/\/kulturwerk-vorpommern.de\/index.php?rest_route=%2Fwp%2Fv2%2Fcomments&post=59"}],"version-history":[{"count":7,"href":"http:\/\/kulturwerk-vorpommern.de\/index.php?rest_route=\/wp\/v2\/pages\/59\/revisions"}],"predecessor-version":[{"id":1451,"href":"http:\/\/kulturwerk-vorpommern.de\/index.php?rest_route=\/wp\/v2\/pages\/59\/revisions\/1451"}],"up":[{"embeddable":true,"href":"http:\/\/kulturwerk-vorpommern.de\/index.php?rest_route=\/wp\/v2\/pages\/17"}],"wp:attachment":[{"href":"http:\/\/kulturwerk-vorpommern.de\/index.php?rest_route=%2Fwp%2Fv2%2Fmedia&parent=59"}],"curies":[{"name":"wp","href":"https:\/\/api.w.org\/{rel}","templated":true}]}}