{"id":57,"date":"2013-08-28T10:12:40","date_gmt":"2013-08-28T08:12:40","guid":{"rendered":"http:\/\/kulturwerk-vorpommern.de\/?page_id=57"},"modified":"2021-06-15T18:55:14","modified_gmt":"2021-06-15T16:55:14","slug":"kulinarische-geschichten","status":"publish","type":"page","link":"http:\/\/kulturwerk-vorpommern.de\/?page_id=57","title":{"rendered":"Kulinarische Geschichten"},"content":{"rendered":"<p>Das Konzept der Veranstaltungsreihe besteht darin, cineatische und kulinarische Gen\u00fcsse miteinander zu verbinden. Dabei wird sowohl das Essen als auch das gesamte Ambiente mit dem Film abgestimmt. Einmal mit dem Thema, ein anderes Mal mit dem Herkunftsland. So gibt es zum Beispiel zu &#8222;Willkommen bei den Sch&#8217;tis&#8220; ein franz\u00f6sisches Buffett, bei &#8222;Chocolat&#8220; die ungew\u00f6hnlichsten Schokoladengerichte, am Valentinstag eben Allerlei, mit dem man den Liebsten verw\u00f6hnen kann und zum Weihnachtsfest immer mal wieder eine neue \u00dcberraschung, wie zum Beispiel ein finnisches Buffet bei &#8222;Das Wunder einer Winternacht &#8211; Die Weihnachtsgeschichte&#8220;.<\/p>\n<p>Das Catering \u00fcbernimmt in der Regel der Lindenhof Liepgarten, die Ausstattung und die passende Dekoration die KulturWerkstatt.<\/p>\n<p>Bitte beachten Sie, dass f\u00fcr diese Abendessen Voranmeldungen n\u00f6tig sind. M\u00f6chten auch Sie an einem unserer Kulinarischen Geschichten teilnehmen, oder m\u00f6chten einen Gutschein daf\u00fcr verschenken, z\u00f6gern Sie nicht uns zu kontaktieren.<\/p>\n","protected":false},"excerpt":{"rendered":"<p>Das Konzept der Veranstaltungsreihe besteht darin, cineatische und kulinarische Gen\u00fcsse miteinander zu verbinden. Dabei wird sowohl das Essen als auch das gesamte Ambiente mit dem Film abgestimmt. Einmal mit dem Thema, ein anderes Mal mit&#8230;<\/p>\n","protected":false},"author":1,"featured_media":0,"parent":17,"menu_order":0,"comment_status":"closed","ping_status":"closed","template":"","meta":{"footnotes":""},"class_list":["post-57","page","type-page","status-publish","hentry"],"_links":{"self":[{"href":"http:\/\/kulturwerk-vorpommern.de\/index.php?rest_route=\/wp\/v2\/pages\/57","targetHints":{"allow":["GET"]}}],"collection":[{"href":"http:\/\/kulturwerk-vorpommern.de\/index.php?rest_route=\/wp\/v2\/pages"}],"about":[{"href":"http:\/\/kulturwerk-vorpommern.de\/index.php?rest_route=\/wp\/v2\/types\/page"}],"author":[{"embeddable":true,"href":"http:\/\/kulturwerk-vorpommern.de\/index.php?rest_route=\/wp\/v2\/users\/1"}],"replies":[{"embeddable":true,"href":"http:\/\/kulturwerk-vorpommern.de\/index.php?rest_route=%2Fwp%2Fv2%2Fcomments&post=57"}],"version-history":[{"count":8,"href":"http:\/\/kulturwerk-vorpommern.de\/index.php?rest_route=\/wp\/v2\/pages\/57\/revisions"}],"predecessor-version":[{"id":1447,"href":"http:\/\/kulturwerk-vorpommern.de\/index.php?rest_route=\/wp\/v2\/pages\/57\/revisions\/1447"}],"up":[{"embeddable":true,"href":"http:\/\/kulturwerk-vorpommern.de\/index.php?rest_route=\/wp\/v2\/pages\/17"}],"wp:attachment":[{"href":"http:\/\/kulturwerk-vorpommern.de\/index.php?rest_route=%2Fwp%2Fv2%2Fmedia&parent=57"}],"curies":[{"name":"wp","href":"https:\/\/api.w.org\/{rel}","templated":true}]}}