{"id":30,"date":"2013-08-28T01:09:36","date_gmt":"2013-08-27T23:09:36","guid":{"rendered":"http:\/\/kulturwerk-vorpommern.de\/?page_id=30"},"modified":"2025-06-19T10:30:27","modified_gmt":"2025-06-19T08:30:27","slug":"angebote-fuer-jung-alt","status":"publish","type":"page","link":"http:\/\/kulturwerk-vorpommern.de\/?page_id=30","title":{"rendered":"Angebote f\u00fcr Jung &#038; Alt"},"content":{"rendered":"<p><b>F\u00fcr die ganz Kleinen<\/b><\/p>\n<p><span style=\"line-height: 1.714285714; font-size: 1rem;\"><br \/>\nGern\u00a0sind die Kleinen in unseren R\u00e4umlichkeiten gesehen. Es geht um den Umgang mit den unterschiedlichsten Materialien, um\u00a0die Ausbildung motorischer F\u00e4higkeiten und um viele eigene Erfahrungen beim Experimentieren. Wir kommen auch gern in Ihre Einrichtung.<\/span><\/p>\n<p><b>F\u00fcr alle Kinder und Jugendliche<\/b><\/p>\n<p>Wer gern malt, t\u00f6pfert, sich mit Stein, Stoff und anderen Materialien besch\u00e4ftigt, ist bei uns genau richtig. Einzige Bedingung, einen Kurs zum Starten zu bringen ist eine Mindestanzahl von 6 Teilnehmern.<\/p>\n<p><b><br \/>\nNUTZT DAZU AUCH DIE FERIENANGEBOTE!<\/b><\/p>\n<p><b>F\u00fcr die Schulen<\/b><\/p>\n<p>Wir kommen mit Angeboten aus unserem Kreativzentrum, um das Interesse f\u00fcr das ein oder andere spezielle Thema bei den Kindern und Jugendlichen zu wecken. Ein wichtiges Ziel ist dabei, Talente zu f\u00f6rdern oder einfach nur die St\u00e4rken des Einzelnen &#8222;herauszukitzeln&#8220;. Wichtige Prozesse beim Malen, bei bildhauerischen oder plastischen Arbeiten oder beim Umgang mit Papier und textilen Materialien f\u00f6rdern Kompetenzen, die auch bei vielen Dingen in der Schule abgefordert werden.<\/p>\n<p><b>F\u00fcr die Erwachsenen<\/b><\/p>\n<p>Auch f\u00fcr die \u00c4lteren gibt es die M\u00f6glichkeit sich in allen Sparten kreativ zu bet\u00e4tigen. Sei es beim Malen, im textilen Bereich oder beim T\u00f6pfern. Spezielle Wochenendangebote sind zeitlich so eingerichtet, dass diese auch von Berufst\u00e4tigen in Anspruch genommen werden k\u00f6nnen.<\/p>\n<p>Die Kurse sind in der Regel als &#8222;offene Kurse&#8220; gestaltet. Das hei\u00dft, die Teilnehme erfolgt wie es die pers\u00f6nliche Zeit zul\u00e4sst. Der Beitrag wird bei Teilnahme entrichtet.<\/p>\n","protected":false},"excerpt":{"rendered":"<p>F\u00fcr die ganz Kleinen Gern\u00a0sind die Kleinen in unseren R\u00e4umlichkeiten gesehen. Es geht um den Umgang mit den unterschiedlichsten Materialien, um\u00a0die Ausbildung motorischer F\u00e4higkeiten und um viele eigene Erfahrungen beim Experimentieren. Wir kommen auch gern&#8230;<\/p>\n","protected":false},"author":1,"featured_media":0,"parent":15,"menu_order":0,"comment_status":"closed","ping_status":"closed","template":"","meta":{"footnotes":""},"class_list":["post-30","page","type-page","status-publish","hentry"],"_links":{"self":[{"href":"http:\/\/kulturwerk-vorpommern.de\/index.php?rest_route=\/wp\/v2\/pages\/30","targetHints":{"allow":["GET"]}}],"collection":[{"href":"http:\/\/kulturwerk-vorpommern.de\/index.php?rest_route=\/wp\/v2\/pages"}],"about":[{"href":"http:\/\/kulturwerk-vorpommern.de\/index.php?rest_route=\/wp\/v2\/types\/page"}],"author":[{"embeddable":true,"href":"http:\/\/kulturwerk-vorpommern.de\/index.php?rest_route=\/wp\/v2\/users\/1"}],"replies":[{"embeddable":true,"href":"http:\/\/kulturwerk-vorpommern.de\/index.php?rest_route=%2Fwp%2Fv2%2Fcomments&post=30"}],"version-history":[{"count":8,"href":"http:\/\/kulturwerk-vorpommern.de\/index.php?rest_route=\/wp\/v2\/pages\/30\/revisions"}],"predecessor-version":[{"id":2036,"href":"http:\/\/kulturwerk-vorpommern.de\/index.php?rest_route=\/wp\/v2\/pages\/30\/revisions\/2036"}],"up":[{"embeddable":true,"href":"http:\/\/kulturwerk-vorpommern.de\/index.php?rest_route=\/wp\/v2\/pages\/15"}],"wp:attachment":[{"href":"http:\/\/kulturwerk-vorpommern.de\/index.php?rest_route=%2Fwp%2Fv2%2Fmedia&parent=30"}],"curies":[{"name":"wp","href":"https:\/\/api.w.org\/{rel}","templated":true}]}}